{"id":3755,"date":"2021-07-27T14:57:04","date_gmt":"2021-07-27T14:57:04","guid":{"rendered":"https:\/\/www.majory-cubizolles.fr\/blog\/?page_id=3755"},"modified":"2023-09-04T14:49:21","modified_gmt":"2023-09-04T14:49:21","slug":"home","status":"publish","type":"page","link":"https:\/\/www.majory-cubizolles.fr\/blog\/","title":{"rendered":"Home"},"content":{"rendered":"<!-- Begin Yuzo --><div class='yuzo_related_post style-2'  data-version='5.12.88'><!-- without result --><div class='yuzo_clearfixed yuzo__title yuzo__title'><h2>Articles similaires<\/h2><\/div>\n\t\t\t\t\t\t<div class=\"relatedthumb yuzo-list  \" style=\"\"  >  \n\t\t\t\t\t\t  <a  href=\"https:\/\/www.majory-cubizolles.fr\/blog\/configurer-reseaux-sociaux-page-produit-prestashop-1-6-1-7\/\" class=\"image-list\" target='_blank' >\n\t\t\t\t\t\t  <div class=\"yuzo-img-wrap \" style=\"width: 185px;height:150px;\">\n\t\t\t\t\t\t\t\t\t\n\t\t\t\t\t\t\t\t\t <div class=\"yuzo-img\" style=\"background:url('https:\/\/www.majory-cubizolles.fr\/blog\/wp-content\/uploads\/2017\/02\/ecommerce-400x249.jpg') 50% 50% no-repeat;width: 190px;height:150px;margin-bottom: 5px;background-size:  cover;  \"><\/div>\n\t\t\t\t\t\t  <\/div>\n\t\t\t\t\t\t  <\/a>\n\t\t\t\t\t\t  <a  class=\"link-list yuzo__text--title\" href=\"https:\/\/www.majory-cubizolles.fr\/blog\/configurer-reseaux-sociaux-page-produit-prestashop-1-6-1-7\/\" style=\"font-size:15px;font-weight:bold;;line-height:23px;\"> Configurer les r\u00e9seaux sociaux sur la page produit | Prestashop 1.6 et 1.7  <div class='yuzo_views_post yuzo_icon_views yuzo_icon_views__bottom' style='font-size:13px;'>views 6053<\/div><\/a>\n\t\t\t\t\t\t\t\t<span class=\"yuzo_text\" style=\"font-size:11px;\" >Aujourd'hui, nous allons voir comment configurer les r\u00e9seaux sociaux sur\u00a0les pages produits de votre boutique e-commerce sous Prestashop 1.6 et 17\r\n\r\nLa configuration \u00a0est identique sur les deux versions, mais le chemin d'acc\u00e8s est diff\u00e9rent.\r\n\r\n\r\n\r\n\u2014\u2014\u2014\u2014\u2014\u2014\u2014\u2014\u2014\u2014\u2014\u2014\u2014\u2014\u2014\u2014\u2014\u2014\u2014\u2014\u2014\u2014\u2014\u2014\u2014\u2014\u2014\u2014\u2014\u2014\u2014\u2014\u2014\u2014\u2014\u2014\u2014\u2014\u2014\u2014\r\nTutorial pour Prestashop 1.6\r\nEtape 1: Tout d\u2019abord, connectez-vous au back-office de votre site Prestashop ...<\/span>\n\t\t\t\t\t\t   \n\t\t\t\t\t\t<\/div>\n\t\t\t\t\t\t<div class=\"relatedthumb yuzo-list  \" style=\"\"  >  \n\t\t\t\t\t\t  <a  href=\"https:\/\/www.majory-cubizolles.fr\/blog\/5-profils-de-cyberconsommateurs\/\" class=\"image-list\" target='_blank' >\n\t\t\t\t\t\t  <div class=\"yuzo-img-wrap \" style=\"width: 185px;height:150px;\">\n\t\t\t\t\t\t\t\t\t\n\t\t\t\t\t\t\t\t\t <div class=\"yuzo-img\" style=\"background:url('https:\/\/www.majory-cubizolles.fr\/blog\/wp-content\/uploads\/2015\/01\/1-300x187.jpg') 50% 50% no-repeat;width: 190px;height:150px;margin-bottom: 5px;background-size:  cover;  \"><\/div>\n\t\t\t\t\t\t  <\/div>\n\t\t\t\t\t\t  <\/a>\n\t\t\t\t\t\t  <a  class=\"link-list yuzo__text--title\" href=\"https:\/\/www.majory-cubizolles.fr\/blog\/5-profils-de-cyberconsommateurs\/\" style=\"font-size:15px;font-weight:bold;;line-height:23px;\"> 5 profils de cyberconsommateurs  <div class='yuzo_views_post yuzo_icon_views yuzo_icon_views__bottom' style='font-size:13px;'>views 340<\/div><\/a>\n\t\t\t\t\t\t\t\t<span class=\"yuzo_text\" style=\"font-size:11px;\" >Soon Soon Soon a d\u00e9crypt\u00e9 cinq profils de shoppers :\r\n\r\n- le \"Vigi-Shopper\" ou le watcher qui repr\u00e9sente 35% de la population\r\n\r\n- le \"Slow-Shopper\" ou le careshopper qui repr\u00e9sente 14% de la population\r\n\r\n- le \"Social-Shopper\" ou l'influenceur qui repr\u00e9sente 7% de la population\r\n\r\n\r\n\r\n- \"l'Emo-shopper\" ou le \"Whaou-addict\" qui repr\u00e9sente 12% de la population\r\n\r\n- l'Alter-Shopper ou le norm-cor qu...<\/span>\n\t\t\t\t\t\t   \n\t\t\t\t\t\t<\/div>\n\t\t\t\t\t\t<div class=\"relatedthumb yuzo-list  \" style=\"\"  >  \n\t\t\t\t\t\t  <a  href=\"https:\/\/www.majory-cubizolles.fr\/blog\/structure-fichiers-nouveau-theme-classic-prestashop-1-7\/\" class=\"image-list\" target='_blank' >\n\t\t\t\t\t\t  <div class=\"yuzo-img-wrap \" style=\"width: 185px;height:150px;\">\n\t\t\t\t\t\t\t\t\t\n\t\t\t\t\t\t\t\t\t <div class=\"yuzo-img\" style=\"background:url('https:\/\/www.majory-cubizolles.fr\/blog\/wp-content\/uploads\/2016\/11\/structure_dossier-400x249.jpg') 50% 50% no-repeat;width: 190px;height:150px;margin-bottom: 5px;background-size:  cover;  \"><\/div>\n\t\t\t\t\t\t  <\/div>\n\t\t\t\t\t\t  <\/a>\n\t\t\t\t\t\t  <a  class=\"link-list yuzo__text--title\" href=\"https:\/\/www.majory-cubizolles.fr\/blog\/structure-fichiers-nouveau-theme-classic-prestashop-1-7\/\" style=\"font-size:15px;font-weight:bold;;line-height:23px;\"> La structure des fichiers du nouveau th\u00e8me Classic | Prestashop 1.7  <div class='yuzo_views_post yuzo_icon_views yuzo_icon_views__bottom' style='font-size:13px;'>views 15561<\/div><\/a>\n\t\t\t\t\t\t\t\t<span class=\"yuzo_text\" style=\"font-size:11px;\" >La version stable de Prestashop 1.7 est sortie ce lundi et comme vous pourrez le constater, la structure des fichiers dans le dossier th\u00e8me a totalement \u00e9t\u00e9 remani\u00e9e. Maintenant, on retrouve un seul fichier CSS et JS pour tout le site. Les TPL sont class\u00e9s dans diff\u00e9rents dossiers: commandes, clients, catalogues....\r\n\r\nVoici la nouvelle structure:\r\nA) assets\r\n| css\r\n------> theme.css\r\n\r\n| img\r\n...<\/span>\n\t\t\t\t\t\t   \n\t\t\t\t\t\t<\/div>\n\t\t\t\t\t\t<div class=\"relatedthumb yuzo-list  \" style=\"\"  >  \n\t\t\t\t\t\t  <a  href=\"https:\/\/www.majory-cubizolles.fr\/blog\/la-part-de-marche-des-4-navigateurs-dans-4-pays-europeens\/\" class=\"image-list\" target='_blank' >\n\t\t\t\t\t\t  <div class=\"yuzo-img-wrap \" style=\"width: 185px;height:150px;\">\n\t\t\t\t\t\t\t\t\t\n\t\t\t\t\t\t\t\t\t <div class=\"yuzo-img\" style=\"background:url('https:\/\/www.majory-cubizolles.fr\/blog\/wp-content\/uploads\/2015\/01\/part-de-marche-des-navigateurs-header-300x187.png') 50% 50% no-repeat;width: 190px;height:150px;margin-bottom: 5px;background-size:  cover;  \"><\/div>\n\t\t\t\t\t\t  <\/div>\n\t\t\t\t\t\t  <\/a>\n\t\t\t\t\t\t  <a  class=\"link-list yuzo__text--title\" href=\"https:\/\/www.majory-cubizolles.fr\/blog\/la-part-de-marche-des-4-navigateurs-dans-4-pays-europeens\/\" style=\"font-size:15px;font-weight:bold;;line-height:23px;\"> La part de march\u00e9 des 4 navigateurs dans 4 pays europ\u00e9ens  <div class='yuzo_views_post yuzo_icon_views yuzo_icon_views__bottom' style='font-size:13px;'>views 187<\/div><\/a>\n\t\t\t\t\t\t\t\t<span class=\"yuzo_text\" style=\"font-size:11px;\" >Cette infographie montre les navigateurs les plus utilis\u00e9s en Allemagne, en Espagne, en France et au Royaume-Uni en octobre 2014.\r\n\r\nAllemagne :\r\nFirefox est le navigateur le plus utilis\u00e9 avec 34,2% des internautes suivi d'Internet Explorer (20,5%) et Chrome (19%).\r\n\r\nEspagne :\r\nChrome est le navigateur le plus utilis\u00e9 avec 42,2% des internautes\u00a0suivi de Safari (16,5%) et Internet Explorer (16,3%)...<\/span>\n\t\t\t\t\t\t   \n\t\t\t\t\t\t<\/div>\n\t\t\t\t\t\t<div class=\"relatedthumb yuzo-list  \" style=\"\"  >  \n\t\t\t\t\t\t  <a  href=\"https:\/\/www.majory-cubizolles.fr\/blog\/4-combinaisons-typographies-elegantes-et-feminines-gratuites-du-web\/\" class=\"image-list\" target='_blank' >\n\t\t\t\t\t\t  <div class=\"yuzo-img-wrap \" style=\"width: 185px;height:150px;\">\n\t\t\t\t\t\t\t\t\t\n\t\t\t\t\t\t\t\t\t <div class=\"yuzo-img\" style=\"background:url('https:\/\/www.majory-cubizolles.fr\/blog\/wp-content\/uploads\/2015\/03\/PlayballPT-sans-300x187.png') 50% 50% no-repeat;width: 190px;height:150px;margin-bottom: 5px;background-size:  cover;  \"><\/div>\n\t\t\t\t\t\t  <\/div>\n\t\t\t\t\t\t  <\/a>\n\t\t\t\t\t\t  <a  class=\"link-list yuzo__text--title\" href=\"https:\/\/www.majory-cubizolles.fr\/blog\/4-combinaisons-typographies-elegantes-et-feminines-gratuites-du-web\/\" style=\"font-size:15px;font-weight:bold;;line-height:23px;\"> 4 combinaisons typographiques \u00e9l\u00e9gantes et f\u00e9minines gratuites pour vos sites web  <div class='yuzo_views_post yuzo_icon_views yuzo_icon_views__bottom' style='font-size:13px;'>views 2793<\/div><\/a>\n\t\t\t\t\t\t\t\t<span class=\"yuzo_text\" style=\"font-size:11px;\" >Voici un exemple de 4 combinaisons \u00e9l\u00e9gantes et f\u00e9minines que vous pouvez utiliser pour votre site internet\r\n\r\nVous pouvez les trouver sur le site de Google Fonts\r\n\r\nCombinaison 1 : Josefin Sans + Merriweather\r\n\r\n\r\n\r\nCombinaison 2 : Playfair Display + Lora\r\n\r\n\r\n\r\n\r\n\r\nCombinaison 3 : Old Standard + Gudea\r\n\r\n\r\n\r\nCombinaison 4 : Playball + PT sans\r\n\r\n\r\n\r\n==============================================...<\/span>\n\t\t\t\t\t\t   \n\t\t\t\t\t\t<\/div>\n<\/div>  <!-- End Yuzo :) -->","protected":false},"excerpt":{"rendered":"<p>Articles similaires Comment les Hashtags Facebook peuvent-ils aider vos actions marketing ? views 169 1) Comment utiliser les hashtags ? Les hashtags transforment les sujets et les locutions en liens cliquables \u00e0 l\u2019int\u00e9rieur des publications de votre journal ou de votre Page. Ils aident les utilisateurs \u00e0 trouver des publications [&hellip;]<\/p>\n","protected":false},"author":1,"featured_media":0,"parent":0,"menu_order":0,"comment_status":"closed","ping_status":"closed","template":"page-home.php","meta":{"footnotes":""},"aioseo_notices":[],"_links":{"self":[{"href":"https:\/\/www.majory-cubizolles.fr\/blog\/wp-json\/wp\/v2\/pages\/3755"}],"collection":[{"href":"https:\/\/www.majory-cubizolles.fr\/blog\/wp-json\/wp\/v2\/pages"}],"about":[{"href":"https:\/\/www.majory-cubizolles.fr\/blog\/wp-json\/wp\/v2\/types\/page"}],"author":[{"embeddable":true,"href":"https:\/\/www.majory-cubizolles.fr\/blog\/wp-json\/wp\/v2\/users\/1"}],"replies":[{"embeddable":true,"href":"https:\/\/www.majory-cubizolles.fr\/blog\/wp-json\/wp\/v2\/comments?post=3755"}],"version-history":[{"count":2,"href":"https:\/\/www.majory-cubizolles.fr\/blog\/wp-json\/wp\/v2\/pages\/3755\/revisions"}],"predecessor-version":[{"id":3849,"href":"https:\/\/www.majory-cubizolles.fr\/blog\/wp-json\/wp\/v2\/pages\/3755\/revisions\/3849"}],"wp:attachment":[{"href":"https:\/\/www.majory-cubizolles.fr\/blog\/wp-json\/wp\/v2\/media?parent=3755"}],"curies":[{"name":"wp","href":"https:\/\/api.w.org\/{rel}","templated":true}]}}